{"id":905,"date":"2026-02-11T22:56:51","date_gmt":"2026-02-11T22:56:51","guid":{"rendered":"https:\/\/gauruss.com.br\/?page_id=905"},"modified":"2026-02-11T23:00:03","modified_gmt":"2026-02-11T23:00:03","slug":"guindaste-gahuk-12-8-trave","status":"publish","type":"page","link":"https:\/\/gauruss.com.br\/?page_id=905","title":{"rendered":"GUINDASTE GAHUK 12.8 TRAVE"},"content":{"rendered":"<p>[et_pb_section fb_built=&#8221;1&#8243; custom_padding_last_edited=&#8221;on|phone&#8221; admin_label=&#8221;Header &#038; Blog&#8221; _builder_version=&#8221;4.27.5&#8243; _module_preset=&#8221;default&#8221; background_color=&#8221;gcid-714b9843-c3e2-4fdc-916a-785e28b7a70d&#8221; use_background_color_gradient=&#8221;on&#8221; background_color_gradient_stops=&#8221;rgba(219,178,81,0.99) 0%|rgba(0,0,0,0.65) 100%&#8221; background_color_gradient_overlays_image=&#8221;on&#8221; background_image=&#8221;https:\/\/gauruss.com.br\/wp-content\/uploads\/2025\/12\/prov_home.jpg&#8221; custom_padding=&#8221;7px||19px|||&#8221; custom_padding_tablet=&#8221;7px||19px|||&#8221; custom_padding_phone=&#8221;50px||0px||false|false&#8221; locked=&#8221;off&#8221; collapsed=&#8221;on&#8221; global_colors_info=&#8221;{%22gcid-714b9843-c3e2-4fdc-916a-785e28b7a70d%22:%91%22background_color%22%93}&#8221;][et_pb_row _builder_version=&#8221;4.27.5&#8243; _module_preset=&#8221;default&#8221; max_width=&#8221;none&#8221; custom_padding=&#8221;||0px|||&#8221; global_colors_info=&#8221;{}&#8221;][et_pb_column type=&#8221;4_4&#8243; _builder_version=&#8221;4.27.5&#8243; _module_preset=&#8221;default&#8221; global_colors_info=&#8221;{}&#8221;][et_pb_heading title=&#8221;PRODUTOS&#8221; _builder_version=&#8221;4.27.5&#8243; _module_preset=&#8221;46aad365-da10-45fa-a473-e31191aa558b&#8221; title_text_color=&#8221;#FFFFFF&#8221; title_font_size=&#8221;2vw&#8221; custom_padding=&#8221;||12px|||&#8221; title_font_size_tablet=&#8221;2vw&#8221; title_font_size_phone=&#8221;24px&#8221; title_font_size_last_edited=&#8221;on|phone&#8221; locked=&#8221;off&#8221; global_colors_info=&#8221;{%22gcid-3e93bdc5-146d-448e-a761-9f1b4dd51113%22:%91%22link_text_color%22,%22quote_border_color%22,%22link_text_color%22,%22quote_border_color%22%93,%22gcid-c7d8f091-13fc-48ff-a161-01fd58ed72d5%22:%91%22quote_text_color%22,%22quote_text_color%22,%22quote_text_color%22,%22quote_text_color%22%93}&#8221;][\/et_pb_heading][\/et_pb_column][\/et_pb_row][\/et_pb_section][et_pb_section fb_built=&#8221;1&#8243; admin_label=&#8221;Header &#038; Blog&#8221; _builder_version=&#8221;4.24.3&#8243; _module_preset=&#8221;default&#8221; custom_padding=&#8221;57px|||||&#8221; locked=&#8221;off&#8221; collapsed=&#8221;on&#8221; global_colors_info=&#8221;{}&#8221;][et_pb_row column_structure=&#8221;1_2,1_4,1_4&#8243; _builder_version=&#8221;4.27.5&#8243; _module_preset=&#8221;default&#8221; max_width=&#8221;none&#8221; custom_padding=&#8221;24px|||||&#8221; global_colors_info=&#8221;{}&#8221;][et_pb_column type=&#8221;1_2&#8243; _builder_version=&#8221;4.24.3&#8243; _module_preset=&#8221;default&#8221; global_colors_info=&#8221;{}&#8221;][et_pb_heading title=&#8221;GUINDASTE GAHUK 12.8 TRAVE&#8221; _builder_version=&#8221;4.27.5&#8243; _module_preset=&#8221;default&#8221; title_font=&#8221;Encode Sans Condensed|600|||||||&#8221; title_text_color=&#8221;gcid-3e93bdc5-146d-448e-a761-9f1b4dd51113&#8243; custom_margin=&#8221;||23px|||&#8221; hover_enabled=&#8221;0&#8243; title_font_size_tablet=&#8221;&#8221; title_font_size_phone=&#8221;24px&#8221; title_font_size_last_edited=&#8221;on|desktop&#8221; global_colors_info=&#8221;{%22gcid-3e93bdc5-146d-448e-a761-9f1b4dd51113%22:%91%22title_text_color%22%93}&#8221; sticky_enabled=&#8221;0&#8243;][\/et_pb_heading][et_pb_image src=&#8221;https:\/\/gauruss.com.br\/wp-content\/uploads\/2026\/02\/guindasteGAHUK12.8travegauruss1-_-pg.png&#8221; title_text=&#8221;guindasteGAHUK12.8travegauruss1 _ pg&#8221; _builder_version=&#8221;4.27.5&#8243; _module_preset=&#8221;default&#8221; background_color=&#8221;#FFFFFF&#8221; hover_enabled=&#8221;0&#8243; border_radii=&#8221;on|15px|15px|15px|15px&#8221; border_width_all=&#8221;2px&#8221; border_color_all=&#8221;gcid-8984117e-13b3-4304-82c5-bddd973b453a&#8221; global_colors_info=&#8221;{%22gcid-8984117e-13b3-4304-82c5-bddd973b453a%22:%91%22border_color_all%22%93}&#8221; sticky_enabled=&#8221;0&#8243;][\/et_pb_image][et_pb_text _builder_version=&#8221;4.27.5&#8243; _module_preset=&#8221;default&#8221; custom_margin=&#8221;||10px|||&#8221; hover_enabled=&#8221;0&#8243; global_colors_info=&#8221;{}&#8221; sticky_enabled=&#8221;0&#8243;]<\/p>\n<p><strong>ESPECIFICA\u00c7\u00d5ES<\/strong><\/p>\n<p><strong>3.120 kg <\/strong>capacidade m\u00e1xima<br \/><strong>1.828 kg <\/strong>peso pr\u00f3prio<br \/><strong>3<\/strong> extens\u00f5es hidr\u00e1ulicas <strong><em>OPCIONAL: 4<br \/><\/em><\/strong><strong>2 <\/strong>extens\u00f5es manuais <strong><em>OPCIONAL: 1<br \/><\/em><\/strong><strong>14,00m <\/strong>m\u00e1xima vertical<br \/><strong>11,00m <\/strong>m\u00e1xima horizontal<br \/><strong>360\u00ba <\/strong>giro<br \/><strong>80\u00ba <\/strong>eleva\u00e7\u00e3o\u00a0<\/p>\n<p><strong>DADOS T\u00c9CNICOS GAHUK 12.8 TRAVE<\/strong><\/p>\n<p>MOMENTO M\u00c1XIMO DE CARGA: <strong>12.000 KG\/M<br \/><\/strong>CAPACIDADE M\u00c1XIMA A 3,7 M: <strong>3.150 KG<\/strong><br \/>ALCANCE VERTICAL: <strong>14 M<\/strong><br \/>ALCANCE HORIZONTAL: <strong>11 M<\/strong><br \/>PESO ESTIMADO DO EQUIPAMENTO: <strong>1.690 KG<\/strong><br \/>ESPA\u00c7O OCUPADO PELO EQUIPAMENTO: <strong>800 MM<\/strong><br \/>\u00c2NGULO DE GIRO: <strong>360\u00b0<br \/><\/strong>V\u00c1LVULAS DE SEGURAN\u00c7A: <strong>SIM<\/strong><br \/>PRESS\u00c3O DE TRABALHO: <strong>200 BAR<\/strong><br \/>VAZ\u00c3O DA BOMBA A 1000 RPM:<strong> 32 L\/MIN<\/strong><br \/>RESERVAT\u00d3RIO \u00d3LEO HIDR\u00c1ULICO: <strong>80 L<br \/><\/strong>PBT M\u00cdNIMO: <strong>11.000 KG<\/strong><\/p>\n<p>[\/et_pb_text][\/et_pb_column][et_pb_column type=&#8221;1_4&#8243; _builder_version=&#8221;4.24.3&#8243; _module_preset=&#8221;default&#8221; global_colors_info=&#8221;{}&#8221;][et_pb_gallery gallery_ids=&#8221;915&#8243; fullwidth=&#8221;on&#8221; _builder_version=&#8221;4.27.5&#8243; _module_preset=&#8221;default&#8221; hover_enabled=&#8221;0&#8243; global_colors_info=&#8221;{}&#8221; max_width__hover_enabled=&#8221;off|desktop&#8221; sticky_enabled=&#8221;0&#8243;][\/et_pb_gallery][et_pb_gallery gallery_ids=&#8221;911&#8243; fullwidth=&#8221;on&#8221; _builder_version=&#8221;4.27.5&#8243; _module_preset=&#8221;default&#8221; hover_enabled=&#8221;0&#8243; global_colors_info=&#8221;{}&#8221; max_width__hover_enabled=&#8221;off|desktop&#8221; sticky_enabled=&#8221;0&#8243;][\/et_pb_gallery][\/et_pb_column][et_pb_column type=&#8221;1_4&#8243; _builder_version=&#8221;4.24.3&#8243; _module_preset=&#8221;default&#8221; global_colors_info=&#8221;{}&#8221;][et_pb_gallery gallery_ids=&#8221;913&#8243; fullwidth=&#8221;on&#8221; _builder_version=&#8221;4.27.5&#8243; _module_preset=&#8221;default&#8221; hover_enabled=&#8221;0&#8243; global_colors_info=&#8221;{}&#8221; max_width__hover_enabled=&#8221;off|desktop&#8221; sticky_enabled=&#8221;0&#8243;][\/et_pb_gallery][et_pb_gallery gallery_ids=&#8221;909&#8243; fullwidth=&#8221;on&#8221; _builder_version=&#8221;4.27.5&#8243; _module_preset=&#8221;default&#8221; hover_enabled=&#8221;0&#8243; global_colors_info=&#8221;{}&#8221; max_width__hover_enabled=&#8221;off|desktop&#8221; sticky_enabled=&#8221;0&#8243;][\/et_pb_gallery][\/et_pb_column][\/et_pb_row][et_pb_row _builder_version=&#8221;4.27.5&#8243; _module_preset=&#8221;default&#8221; custom_padding=&#8221;||57px|||&#8221; global_colors_info=&#8221;{}&#8221;][et_pb_column type=&#8221;4_4&#8243; _builder_version=&#8221;4.27.5&#8243; _module_preset=&#8221;default&#8221; global_colors_info=&#8221;{}&#8221;][et_pb_button button_url=&#8221;@ET-DC@eyJkeW5hbWljIjp0cnVlLCJjb250ZW50IjoicG9zdF9saW5rX3VybF9wYWdlIiwic2V0dGluZ3MiOnsicG9zdF9pZCI6IjM5NyJ9fQ==@&#8221; button_text=&#8221;OUTROS PRODUTOS&#8221; button_alignment=&#8221;left&#8221; _builder_version=&#8221;4.27.5&#8243; _dynamic_attributes=&#8221;button_url&#8221; _module_preset=&#8221;d6289a3b-9d84-4d3e-881c-2081b09f0416&#8243; button_text_color=&#8221;#FFFFFF&#8221; button_bg_color=&#8221;#dbb251&#8243; button_border_radius=&#8221;17px&#8221; custom_padding=&#8221;10px|15px|10px|15px|true|true&#8221; global_module=&#8221;641&#8243; saved_tabs=&#8221;all&#8221; locked=&#8221;off&#8221; global_colors_info=&#8221;{}&#8221;][\/et_pb_button][\/et_pb_column][\/et_pb_row][et_pb_row disabled_on=&#8221;on|on|off&#8221; _builder_version=&#8221;4.27.5&#8243; _module_preset=&#8221;default&#8221; global_module=&#8221;638&#8243; saved_tabs=&#8221;all&#8221; global_colors_info=&#8221;{}&#8221;][et_pb_column type=&#8221;4_4&#8243; _builder_version=&#8221;4.27.5&#8243; _module_preset=&#8221;default&#8221; global_colors_info=&#8221;{}&#8221;][\/et_pb_column][\/et_pb_row][\/et_pb_section][et_pb_section fb_built=&#8221;1&#8243; admin_label=&#8221;Footer&#8221; _builder_version=&#8221;4.27.5&#8243; _module_preset=&#8221;default&#8221; background_color=&#8221;#000000&#8243; custom_padding=&#8221;79px||79px||false|false&#8221; global_module=&#8221;555&#8243; saved_tabs=&#8221;all&#8221; collapsed=&#8221;on&#8221; global_colors_info=&#8221;{}&#8221;][et_pb_row column_structure=&#8221;1_5,1_5,1_5,1_5,1_5&#8243; _builder_version=&#8221;4.24.3&#8243; _module_preset=&#8221;default&#8221; max_width=&#8221;none&#8221; global_colors_info=&#8221;{}&#8221;][et_pb_column type=&#8221;1_5&#8243; _builder_version=&#8221;4.24.3&#8243; _module_preset=&#8221;default&#8221; global_colors_info=&#8221;{}&#8221;][et_pb_image src=&#8221;https:\/\/gauruss.com.br\/wp-content\/uploads\/2025\/12\/log-03.png&#8221; title_text=&#8221;log 03&#8243; align=&#8221;center&#8221; _builder_version=&#8221;4.27.5&#8243; _module_preset=&#8221;default&#8221; custom_margin=&#8221;-16px|||||&#8221; global_colors_info=&#8221;{}&#8221;][\/et_pb_image][\/et_pb_column][et_pb_column type=&#8221;1_5&#8243; _builder_version=&#8221;4.24.3&#8243; _module_preset=&#8221;default&#8221; global_colors_info=&#8221;{}&#8221;][et_pb_text _builder_version=&#8221;4.27.5&#8243; _module_preset=&#8221;4d098121-dd5e-4be2-93cf-71605525db6f&#8221; text_font=&#8221;Encode Sans Condensed|500|||||||&#8221; text_font_size=&#8221;20px&#8221; link_text_color=&#8221;#FFFFFF&#8221; background_layout=&#8221;dark&#8221; custom_margin=&#8221;-22px||-11px||false|false&#8221; custom_padding=&#8221;||23px||false|false&#8221; global_colors_info=&#8221;{}&#8221;]<\/p>\n<p>CONTATOS<\/p>\n<p>[\/et_pb_text][et_pb_divider color=&#8221;#383838&#8243; divider_weight=&#8221;4px&#8221; _builder_version=&#8221;4.27.5&#8243; _module_preset=&#8221;default&#8221; width=&#8221;17%&#8221; module_alignment=&#8221;left&#8221; custom_margin=&#8221;-22px||-3px||false|false&#8221; global_colors_info=&#8221;{}&#8221;][\/et_pb_divider][et_pb_blurb title=&#8221;+55 46 3540 1040&#8243; use_icon=&#8221;on&#8221; font_icon=&#8221;&#xf87b;||fa||900&#8243; icon_placement=&#8221;left&#8221; image_icon_width=&#8221;23px&#8221; _builder_version=&#8221;4.27.5&#8243; _module_preset=&#8221;default&#8221; header_level=&#8221;h1&#8243; header_font=&#8221;Encode Sans Condensed||||||||&#8221; header_text_align=&#8221;left&#8221; header_text_color=&#8221;#dbb251&#8243; header_font_size=&#8221;18px&#8221; image_icon_custom_padding=&#8221;|0px||17px|false|false&#8221; custom_margin=&#8221;||1px||false|false&#8221; custom_padding=&#8221;||0px||false|false&#8221; global_colors_info=&#8221;{}&#8221;][\/et_pb_blurb][et_pb_blurb title=&#8221;comercial@gauruss.com.br&#8221; use_icon=&#8221;on&#8221; font_icon=&#8221;&#xf0e0;||fa||900&#8243; icon_placement=&#8221;left&#8221; image_icon_width=&#8221;21px&#8221; _builder_version=&#8221;4.27.5&#8243; _module_preset=&#8221;default&#8221; header_level=&#8221;h1&#8243; header_font=&#8221;Encode Sans Condensed||||||||&#8221; header_text_align=&#8221;left&#8221; header_text_color=&#8221;#dbb251&#8243; header_font_size=&#8221;18px&#8221; image_icon_custom_padding=&#8221;|0px||17px|false|false&#8221; custom_margin=&#8221;||1px||false|false&#8221; custom_padding=&#8221;||0px||false|false&#8221; global_colors_info=&#8221;{}&#8221;][\/et_pb_blurb][\/et_pb_column][et_pb_column type=&#8221;1_5&#8243; _builder_version=&#8221;4.24.3&#8243; _module_preset=&#8221;default&#8221; global_colors_info=&#8221;{}&#8221;][et_pb_text _builder_version=&#8221;4.27.5&#8243; _module_preset=&#8221;4d098121-dd5e-4be2-93cf-71605525db6f&#8221; text_font=&#8221;Encode Sans Condensed|500|||||||&#8221; text_font_size=&#8221;20px&#8221; link_text_color=&#8221;#FFFFFF&#8221; background_layout=&#8221;dark&#8221; custom_margin=&#8221;-22px||-11px||false|false&#8221; custom_padding=&#8221;||23px||false|false&#8221; global_colors_info=&#8221;{}&#8221;]<\/p>\n<p>REDES SOCIAIS<\/p>\n<p>[\/et_pb_text][et_pb_divider color=&#8221;#383838&#8243; divider_weight=&#8221;4px&#8221; _builder_version=&#8221;4.27.5&#8243; _module_preset=&#8221;default&#8221; width=&#8221;17%&#8221; module_alignment=&#8221;left&#8221; custom_margin=&#8221;-22px||-3px||false|false&#8221; global_colors_info=&#8221;{}&#8221;][\/et_pb_divider][et_pb_social_media_follow icon_color=&#8221;#000000&#8243; _builder_version=&#8221;4.27.5&#8243; _module_preset=&#8221;default&#8221; global_colors_info=&#8221;{}&#8221;][et_pb_social_media_follow_network social_network=&#8221;instagram&#8221; url=&#8221;https:\/\/www.instagram.com\/gaurussequipamentos\/&#8221; icon_color=&#8221;#000000&#8243; use_icon_font_size=&#8221;on&#8221; icon_font_size=&#8221;15px&#8221; _builder_version=&#8221;4.27.5&#8243; _module_preset=&#8221;default&#8221; background_color=&#8221;#dbb251&#8243; background_enable_color=&#8221;on&#8221; global_colors_info=&#8221;{}&#8221; follow_button=&#8221;off&#8221; url_new_window=&#8221;on&#8221;]instagram[\/et_pb_social_media_follow_network][et_pb_social_media_follow_network social_network=&#8221;facebook&#8221; url=&#8221;https:\/\/www.facebook.com\/gauruss&#8221; icon_color=&#8221;#000000&#8243; use_icon_font_size=&#8221;on&#8221; icon_font_size=&#8221;15px&#8221; _builder_version=&#8221;4.27.5&#8243; _module_preset=&#8221;default&#8221; background_color=&#8221;#dbb251&#8243; background_enable_color=&#8221;on&#8221; global_colors_info=&#8221;{}&#8221; follow_button=&#8221;off&#8221; url_new_window=&#8221;on&#8221;]facebook[\/et_pb_social_media_follow_network][et_pb_social_media_follow_network social_network=&#8221;youtube&#8221; url=&#8221;https:\/\/www.youtube.com\/@GaurussAgricultureOficial&#8221; use_icon_font_size=&#8221;on&#8221; icon_font_size=&#8221;15px&#8221; _builder_version=&#8221;4.27.5&#8243; _module_preset=&#8221;default&#8221; background_color=&#8221;#dbb251&#8243; background_enable_color=&#8221;on&#8221; global_colors_info=&#8221;{}&#8221; follow_button=&#8221;off&#8221; url_new_window=&#8221;on&#8221;]youtube[\/et_pb_social_media_follow_network][et_pb_social_media_follow_network social_network=&#8221;tiktok&#8221; url=&#8221;http:\/\/tiktok.com\/@gaurussagriculture&#8221; icon_color=&#8221;#000000&#8243; use_icon_font_size=&#8221;on&#8221; icon_font_size=&#8221;15px&#8221; _builder_version=&#8221;4.27.5&#8243; _module_preset=&#8221;default&#8221; background_color=&#8221;#dbb251&#8243; background_enable_color=&#8221;on&#8221; global_colors_info=&#8221;{}&#8221; follow_button=&#8221;off&#8221; url_new_window=&#8221;on&#8221;]tiktok[\/et_pb_social_media_follow_network][\/et_pb_social_media_follow][\/et_pb_column][et_pb_column type=&#8221;1_5&#8243; _builder_version=&#8221;4.24.3&#8243; _module_preset=&#8221;default&#8221; global_colors_info=&#8221;{}&#8221;][et_pb_text _builder_version=&#8221;4.27.5&#8243; _module_preset=&#8221;4d098121-dd5e-4be2-93cf-71605525db6f&#8221; text_font=&#8221;Encode Sans Condensed|500|||||||&#8221; text_font_size=&#8221;20px&#8221; link_text_color=&#8221;#FFFFFF&#8221; background_layout=&#8221;dark&#8221; custom_margin=&#8221;-22px||-11px||false|false&#8221; custom_padding=&#8221;||23px||false|false&#8221; global_colors_info=&#8221;{}&#8221;]<\/p>\n<p>UNIDADE 1<\/p>\n<p>[\/et_pb_text][et_pb_divider color=&#8221;#383838&#8243; divider_weight=&#8221;4px&#8221; _builder_version=&#8221;4.27.5&#8243; _module_preset=&#8221;default&#8221; width=&#8221;17%&#8221; module_alignment=&#8221;left&#8221; custom_margin=&#8221;-22px||-3px||false|false&#8221; global_colors_info=&#8221;{}&#8221;][\/et_pb_divider][et_pb_blurb use_icon=&#8221;on&#8221; font_icon=&#8221;&#xf3c5;||fa||900&#8243; icon_placement=&#8221;left&#8221; image_icon_width=&#8221;23px&#8221; _builder_version=&#8221;4.27.5&#8243; _module_preset=&#8221;default&#8221; header_level=&#8221;h1&#8243; header_font=&#8221;Encode Sans Condensed||||||||&#8221; header_text_align=&#8221;left&#8221; header_text_color=&#8221;#dbb251&#8243; header_font_size=&#8221;18px&#8221; body_font=&#8221;Encode Sans Condensed||||||||&#8221; body_text_color=&#8221;#dbb251&#8243; body_font_size=&#8221;18px&#8221; image_icon_custom_padding=&#8221;|0px||17px|false|false&#8221; custom_margin=&#8221;||1px||false|false&#8221; custom_padding=&#8221;||0px||false|false&#8221; global_colors_info=&#8221;{}&#8221;]<\/p>\n<p>Rua Tocantins, 462<br \/>Industrial<br \/>CEP 85730-000<br \/>Pranchita-PR<\/p>\n<p>[\/et_pb_blurb][\/et_pb_column][et_pb_column type=&#8221;1_5&#8243; _builder_version=&#8221;4.24.3&#8243; _module_preset=&#8221;default&#8221; global_colors_info=&#8221;{}&#8221;][et_pb_text _builder_version=&#8221;4.27.5&#8243; _module_preset=&#8221;4d098121-dd5e-4be2-93cf-71605525db6f&#8221; text_font=&#8221;Encode Sans Condensed|500|||||||&#8221; text_font_size=&#8221;20px&#8221; link_text_color=&#8221;#FFFFFF&#8221; background_layout=&#8221;dark&#8221; custom_margin=&#8221;-22px||-11px||false|false&#8221; custom_padding=&#8221;||23px||false|false&#8221; global_colors_info=&#8221;{}&#8221;]<\/p>\n<p>UNIDADE 2<\/p>\n<p>[\/et_pb_text][et_pb_divider color=&#8221;#383838&#8243; divider_weight=&#8221;4px&#8221; _builder_version=&#8221;4.27.5&#8243; _module_preset=&#8221;default&#8221; width=&#8221;17%&#8221; module_alignment=&#8221;left&#8221; custom_margin=&#8221;-22px||-3px||false|false&#8221; global_colors_info=&#8221;{}&#8221;][\/et_pb_divider][et_pb_blurb use_icon=&#8221;on&#8221; font_icon=&#8221;&#xf3c5;||fa||900&#8243; icon_placement=&#8221;left&#8221; image_icon_width=&#8221;23px&#8221; _builder_version=&#8221;4.27.5&#8243; _module_preset=&#8221;default&#8221; header_level=&#8221;h1&#8243; header_font=&#8221;Encode Sans Condensed||||||||&#8221; header_text_align=&#8221;left&#8221; header_text_color=&#8221;#dbb251&#8243; header_font_size=&#8221;18px&#8221; body_font=&#8221;Encode Sans Condensed||||||||&#8221; body_text_color=&#8221;#dbb251&#8243; body_font_size=&#8221;18px&#8221; image_icon_custom_padding=&#8221;|0px||17px|false|false&#8221; custom_margin=&#8221;||1px||false|false&#8221; custom_padding=&#8221;||0px||false|false&#8221; global_colors_info=&#8221;{}&#8221;]<\/p>\n<p>BR 163, Km 40<br \/>Acesso ao trevo<br \/>CEP 85730-000<br \/>Pranchita-PR<\/p>\n<p>[\/et_pb_blurb][\/et_pb_column][\/et_pb_row][\/et_pb_section][et_pb_section fb_built=&#8221;1&#8243; _builder_version=&#8221;4.27.5&#8243; _module_preset=&#8221;default&#8221; background_color=&#8221;gcid-body-color&#8221; custom_padding=&#8221;23px||0px|||&#8221; global_module=&#8221;611&#8243; global_colors_info=&#8221;{%22gcid-body-color%22:%91%22background_color%22%93}&#8221;][et_pb_row _builder_version=&#8221;4.27.5&#8243; _module_preset=&#8221;default&#8221; custom_margin=&#8221;13px|auto||auto||&#8221; custom_padding=&#8221;0px||0px|||&#8221; global_colors_info=&#8221;{}&#8221;][et_pb_column type=&#8221;4_4&#8243; _builder_version=&#8221;4.27.5&#8243; _module_preset=&#8221;default&#8221; global_colors_info=&#8221;{}&#8221;][et_pb_text _builder_version=&#8221;4.27.5&#8243; _module_preset=&#8221;default&#8221; text_text_color=&#8221;gcid-714b9843-c3e2-4fdc-916a-785e28b7a70d&#8221; text_orientation=&#8221;center&#8221; custom_padding=&#8221;||27px|||&#8221; global_colors_info=&#8221;{%22gcid-714b9843-c3e2-4fdc-916a-785e28b7a70d%22:%91%22text_text_color%22%93}&#8221;]<\/p>\n<p><a href=\"https:\/\/gauruss.com.br\/?page_id=35&amp;et_fb=1&amp;PageSpeed=off\">HOME<\/a>\u00a0 |\u00a0 <a href=\"https:\/\/gauruss.com.br\/?page_id=397&amp;et_fb=1&amp;PageSpeed=off\">PRODUTOS<\/a>\u00a0 |\u00a0 <a href=\"https:\/\/gauruss.com.br\/?page_id=35&amp;et_fb=1&amp;PageSpeed=off\">QUEM SOMOS<\/a>\u00a0 |\u00a0 <a href=\"https:\/\/gauruss.com.br\/?page_id=35&amp;et_fb=1&amp;PageSpeed=off\">CONTATO<\/a><\/p>\n<p>[\/et_pb_text][\/et_pb_column][\/et_pb_row][et_pb_row column_structure=&#8221;1_4,1_2,1_4&#8243; _builder_version=&#8221;4.27.5&#8243; _module_preset=&#8221;default&#8221; custom_padding=&#8221;0px||1px|||&#8221; global_colors_info=&#8221;{}&#8221;][et_pb_column type=&#8221;1_4&#8243; _builder_version=&#8221;4.27.5&#8243; _module_preset=&#8221;default&#8221; global_colors_info=&#8221;{}&#8221;][\/et_pb_column][et_pb_column type=&#8221;1_2&#8243; _builder_version=&#8221;4.27.5&#8243; _module_preset=&#8221;default&#8221; global_colors_info=&#8221;{}&#8221;][et_pb_text _builder_version=&#8221;4.27.5&#8243; _module_preset=&#8221;default&#8221; text_text_color=&#8221;#FFFFFF&#8221; text_orientation=&#8221;center&#8221; global_colors_info=&#8221;{}&#8221;]<\/p>\n<p>Gauruss Agriculture \u00a9 2026<\/p>\n<p>[\/et_pb_text][\/et_pb_column][et_pb_column type=&#8221;1_4&#8243; _builder_version=&#8221;4.27.5&#8243; _module_preset=&#8221;default&#8221; global_colors_info=&#8221;{}&#8221;][et_pb_text _builder_version=&#8221;4.27.5&#8243; _module_preset=&#8221;default&#8221; text_text_color=&#8221;#7c7c7c&#8221; text_orientation=&#8221;right&#8221; link_option_url=&#8221;https:\/\/ottimidia.com.br\/&#8221; link_option_url_new_window=&#8221;on&#8221; text_orientation_tablet=&#8221;center&#8221; text_orientation_phone=&#8221;center&#8221; text_orientation_last_edited=&#8221;on|tablet&#8221; global_colors_info=&#8221;{}&#8221;]<\/p>\n<p>Desenvolvido por Otti M\u00eddia<\/p>\n<p>[\/et_pb_text][\/et_pb_column][\/et_pb_row][\/et_pb_section]<\/p>\n","protected":false},"excerpt":{"rendered":"<p>ESPECIFICA\u00c7\u00d5ES 3.120 kg capacidade m\u00e1xima1.828 kg peso pr\u00f3prio3 extens\u00f5es hidr\u00e1ulicas OPCIONAL: 42 extens\u00f5es manuais OPCIONAL: 114,00m m\u00e1xima vertical11,00m m\u00e1xima horizontal360\u00ba giro80\u00ba eleva\u00e7\u00e3o\u00a0 DADOS T\u00c9CNICOS GAHUK 12.8 TRAVE MOMENTO M\u00c1XIMO DE CARGA: 12.000 KG\/MCAPACIDADE M\u00c1XIMA A 3,7 M: 3.150 KGALCANCE VERTICAL: 14 MALCANCE HORIZONTAL: 11 MPESO ESTIMADO DO EQUIPAMENTO: 1.690 KGESPA\u00c7O OCUPADO PELO EQUIPAMENTO: 800 MM\u00c2NGULO [&hellip;]<\/p>\n","protected":false},"author":3,"featured_media":0,"parent":0,"menu_order":0,"comment_status":"closed","ping_status":"closed","template":"","meta":{"_et_pb_use_builder":"on","_et_pb_old_content":"","_et_gb_content_width":"","_monsterinsights_skip_tracking":false,"_monsterinsights_sitenote_active":false,"_monsterinsights_sitenote_note":"","_monsterinsights_sitenote_category":0,"footnotes":""},"folder":[9],"class_list":["post-905","page","type-page","status-publish","hentry"],"aioseo_notices":[],"_links":{"self":[{"href":"https:\/\/gauruss.com.br\/index.php?rest_route=\/wp\/v2\/pages\/905","targetHints":{"allow":["GET"]}}],"collection":[{"href":"https:\/\/gauruss.com.br\/index.php?rest_route=\/wp\/v2\/pages"}],"about":[{"href":"https:\/\/gauruss.com.br\/index.php?rest_route=\/wp\/v2\/types\/page"}],"author":[{"embeddable":true,"href":"https:\/\/gauruss.com.br\/index.php?rest_route=\/wp\/v2\/users\/3"}],"replies":[{"embeddable":true,"href":"https:\/\/gauruss.com.br\/index.php?rest_route=%2Fwp%2Fv2%2Fcomments&post=905"}],"version-history":[{"count":4,"href":"https:\/\/gauruss.com.br\/index.php?rest_route=\/wp\/v2\/pages\/905\/revisions"}],"predecessor-version":[{"id":917,"href":"https:\/\/gauruss.com.br\/index.php?rest_route=\/wp\/v2\/pages\/905\/revisions\/917"}],"wp:attachment":[{"href":"https:\/\/gauruss.com.br\/index.php?rest_route=%2Fwp%2Fv2%2Fmedia&parent=905"}],"wp:term":[{"taxonomy":"folder","embeddable":true,"href":"https:\/\/gauruss.com.br\/index.php?rest_route=%2Fwp%2Fv2%2Ffolder&post=905"}],"curies":[{"name":"wp","href":"https:\/\/api.w.org\/{rel}","templated":true}]}}