{"id":743,"date":"2026-02-11T00:42:52","date_gmt":"2026-02-11T00:42:52","guid":{"rendered":"https:\/\/gauruss.com.br\/?page_id=743"},"modified":"2026-02-11T00:43:41","modified_gmt":"2026-02-11T00:43:41","slug":"pulverizador-zarkann-3200l-vertical-horizontal","status":"publish","type":"page","link":"https:\/\/gauruss.com.br\/?page_id=743","title":{"rendered":"PULVERIZADOR ZARKANN 3200L VERTICAL \/ HORIZONTAL"},"content":{"rendered":"<p>[et_pb_section fb_built=&#8221;1&#8243; custom_padding_last_edited=&#8221;on|phone&#8221; admin_label=&#8221;Header &#038; Blog&#8221; _builder_version=&#8221;4.27.5&#8243; _module_preset=&#8221;default&#8221; background_color=&#8221;gcid-714b9843-c3e2-4fdc-916a-785e28b7a70d&#8221; use_background_color_gradient=&#8221;on&#8221; background_color_gradient_stops=&#8221;rgba(219,178,81,0.99) 0%|rgba(0,0,0,0.65) 100%&#8221; background_color_gradient_overlays_image=&#8221;on&#8221; background_image=&#8221;https:\/\/gauruss.com.br\/wp-content\/uploads\/2025\/12\/prov_home.jpg&#8221; custom_padding=&#8221;7px||19px|||&#8221; custom_padding_tablet=&#8221;7px||19px|||&#8221; custom_padding_phone=&#8221;50px||0px||false|false&#8221; locked=&#8221;off&#8221; collapsed=&#8221;on&#8221; global_colors_info=&#8221;{%22gcid-714b9843-c3e2-4fdc-916a-785e28b7a70d%22:%91%22background_color%22%93}&#8221;][et_pb_row _builder_version=&#8221;4.27.5&#8243; _module_preset=&#8221;default&#8221; max_width=&#8221;none&#8221; custom_padding=&#8221;||0px|||&#8221; global_colors_info=&#8221;{}&#8221;][et_pb_column type=&#8221;4_4&#8243; _builder_version=&#8221;4.27.5&#8243; _module_preset=&#8221;default&#8221; global_colors_info=&#8221;{}&#8221;][et_pb_heading title=&#8221;PRODUTOS&#8221; _builder_version=&#8221;4.27.5&#8243; _module_preset=&#8221;46aad365-da10-45fa-a473-e31191aa558b&#8221; title_text_color=&#8221;#FFFFFF&#8221; title_font_size=&#8221;2vw&#8221; custom_padding=&#8221;||12px|||&#8221; title_font_size_tablet=&#8221;2vw&#8221; title_font_size_phone=&#8221;24px&#8221; title_font_size_last_edited=&#8221;on|phone&#8221; locked=&#8221;off&#8221; global_colors_info=&#8221;{%22gcid-3e93bdc5-146d-448e-a761-9f1b4dd51113%22:%91%22link_text_color%22,%22quote_border_color%22,%22link_text_color%22,%22quote_border_color%22%93,%22gcid-c7d8f091-13fc-48ff-a161-01fd58ed72d5%22:%91%22quote_text_color%22,%22quote_text_color%22,%22quote_text_color%22,%22quote_text_color%22%93}&#8221;][\/et_pb_heading][\/et_pb_column][\/et_pb_row][\/et_pb_section][et_pb_section fb_built=&#8221;1&#8243; admin_label=&#8221;Header &#038; Blog&#8221; _builder_version=&#8221;4.24.3&#8243; _module_preset=&#8221;default&#8221; custom_padding=&#8221;57px|||||&#8221; locked=&#8221;off&#8221; collapsed=&#8221;on&#8221; global_colors_info=&#8221;{}&#8221;][et_pb_row column_structure=&#8221;1_2,1_2&#8243; _builder_version=&#8221;4.27.5&#8243; _module_preset=&#8221;default&#8221; max_width=&#8221;none&#8221; custom_padding=&#8221;24px|||||&#8221; global_colors_info=&#8221;{}&#8221;][et_pb_column type=&#8221;1_2&#8243; _builder_version=&#8221;4.24.3&#8243; _module_preset=&#8221;default&#8221; global_colors_info=&#8221;{}&#8221;][et_pb_image src=&#8221;https:\/\/gauruss.com.br\/wp-content\/uploads\/2026\/02\/pulverizadorZARKANN3200Lhorizontalverticalgauruss.png&#8221; title_text=&#8221;pulverizadorZARKANN3200Lhorizontalverticalgauruss&#8221; _builder_version=&#8221;4.27.5&#8243; _module_preset=&#8221;default&#8221; background_color=&#8221;#FFFFFF&#8221; hover_enabled=&#8221;0&#8243; border_radii=&#8221;on|15px|15px|15px|15px&#8221; border_width_all=&#8221;2px&#8221; border_color_all=&#8221;gcid-8984117e-13b3-4304-82c5-bddd973b453a&#8221; global_colors_info=&#8221;{%22gcid-8984117e-13b3-4304-82c5-bddd973b453a%22:%91%22border_color_all%22%93}&#8221; sticky_enabled=&#8221;0&#8243;][\/et_pb_image][\/et_pb_column][et_pb_column type=&#8221;1_2&#8243; _builder_version=&#8221;4.24.3&#8243; _module_preset=&#8221;default&#8221; global_colors_info=&#8221;{}&#8221;][et_pb_heading title=&#8221;PULVERIZADOR ZARKANN 3200L VERTICAL \/ HORIZONTAL&#8221; _builder_version=&#8221;4.27.5&#8243; _module_preset=&#8221;default&#8221; title_font=&#8221;Encode Sans Condensed|600|||||||&#8221; title_text_color=&#8221;gcid-3e93bdc5-146d-448e-a761-9f1b4dd51113&#8243; custom_margin=&#8221;||23px|||&#8221; hover_enabled=&#8221;0&#8243; title_font_size_tablet=&#8221;&#8221; title_font_size_phone=&#8221;24px&#8221; title_font_size_last_edited=&#8221;on|desktop&#8221; global_colors_info=&#8221;{%22gcid-3e93bdc5-146d-448e-a761-9f1b4dd51113%22:%91%22title_text_color%22%93}&#8221; sticky_enabled=&#8221;0&#8243;][\/et_pb_heading][et_pb_text _builder_version=&#8221;4.27.5&#8243; _module_preset=&#8221;default&#8221; custom_margin=&#8221;||87px|||&#8221; hover_enabled=&#8221;0&#8243; global_colors_info=&#8221;{}&#8221; sticky_enabled=&#8221;0&#8243;]<\/p>\n<p><em>Vers\u00e3o: <strong>Alfa<\/strong><\/em><\/p>\n<p>&nbsp;<\/p>\n<ul>\n<li>Barras: <strong>18, 19, 20 e 21 metros vertical<\/strong><\/li>\n<\/ul>\n<p><strong>21 metros abertura lateral e ponta de alum\u00ednio <\/strong><\/p>\n<p><strong>24 e 25 metros, 3 dobras de ferro<\/strong><\/p>\n<p><strong>24 e 27 metros abertura lateral, 2\u00aa dobra alum\u00ednio<\/strong><\/p>\n<ul>\n<li>Altura de trabalho: <strong>0,45 a 1,90m<\/strong><\/li>\n<li>Reservat\u00f3rio \u00e1gua limpa: <strong>200 litros<\/strong><\/li>\n<li>Bomba <strong>JP 150<\/strong><\/li>\n<li>Rota\u00e7\u00e3o m\u00e1xima da bomba: <strong>540rpm<\/strong><\/li>\n<li>Porta <strong>bicos bijet<\/strong> e <strong>cano de inox<\/strong><\/li>\n<li>Comando de \u00e1gua: <strong>4 vias retorno calibrado<\/strong><\/li>\n<li>Comando hidr\u00e1ulico: <strong>7 vias<\/strong><\/li>\n<li><strong>Incorporador de defensivos<\/strong> com <strong>lava frasco lateral<\/strong><\/li>\n<li><strong>Agitador de calda hidr\u00e1ulico<\/strong><\/li>\n<li>Espa\u00e7amento entre bicos: <strong>50cm<\/strong><\/li>\n<li>Roda <strong>aro 36<\/strong><\/li>\n<li>Abertura de <strong>bitola regul\u00e1veis<\/strong><\/li>\n<li>Dimens\u00f5es: <strong>6,50C \/ 2,85L \/ 3,75A metros<\/strong><\/li>\n<\/ul>\n<p><strong>\u00a0\u00a0 <em>Referente \u00e0 barra 27m horizontal<\/em><\/strong><\/p>\n<ul>\n<li>Dimens\u00f5es: <strong>2,30L \/ 3,75A \/ 6,50C metros<\/strong><\/li>\n<li>Peso: <strong>2650kg<\/strong><\/li>\n<\/ul>\n<p><strong>\u00a0<\/strong><\/p>\n<p><strong>OPCIONAIS<\/strong><\/p>\n<ul>\n<li><em> Comando el\u00e9trico de \u00e1gua<\/em><\/li>\n<li><em> Comando el\u00e9trico hidr\u00e1ulico<\/em><\/li>\n<li><em> Marcador de linha<\/em><\/li>\n<li><em> Espa\u00e7amento entre bicos 35cm<\/em><\/li>\n<li><em> Bico de cerca<\/em><\/li>\n<li><em> Kit ilumina\u00e7\u00e3o de led bico a bico<\/em><\/li>\n<li><em> GPS<\/em><\/li>\n<li><em> Controlador de vaz\u00e3o<\/em><\/li>\n<li><em> Corte de se\u00e7\u00e3o<\/em><\/li>\n<li><em> Eixo Tandem (2 vers\u00f5es)<\/em><\/li>\n<li><em> Bomba JP 150<\/em><\/li>\n<\/ul>\n<p>[\/et_pb_text][et_pb_button button_url=&#8221;@ET-DC@eyJkeW5hbWljIjp0cnVlLCJjb250ZW50IjoicG9zdF9saW5rX3VybF9wYWdlIiwic2V0dGluZ3MiOnsicG9zdF9pZCI6IjM5NyJ9fQ==@&#8221; button_text=&#8221;OUTROS PRODUTOS&#8221; button_alignment=&#8221;left&#8221; _builder_version=&#8221;4.27.5&#8243; _dynamic_attributes=&#8221;button_url&#8221; _module_preset=&#8221;d6289a3b-9d84-4d3e-881c-2081b09f0416&#8243; button_text_color=&#8221;#FFFFFF&#8221; button_bg_color=&#8221;#dbb251&#8243; button_border_radius=&#8221;17px&#8221; custom_padding=&#8221;10px|15px|10px|15px|true|true&#8221; global_module=&#8221;641&#8243; saved_tabs=&#8221;all&#8221; locked=&#8221;off&#8221; global_colors_info=&#8221;{}&#8221;][\/et_pb_button][\/et_pb_column][\/et_pb_row][et_pb_row disabled_on=&#8221;on|on|off&#8221; _builder_version=&#8221;4.27.5&#8243; _module_preset=&#8221;default&#8221; global_module=&#8221;638&#8243; saved_tabs=&#8221;all&#8221; global_colors_info=&#8221;{}&#8221;][et_pb_column type=&#8221;4_4&#8243; _builder_version=&#8221;4.27.5&#8243; _module_preset=&#8221;default&#8221; global_colors_info=&#8221;{}&#8221;][et_pb_menu menu_id=&#8221;8&#8243; submenu_direction=&#8221;downwards&#8221; _builder_version=&#8221;4.27.5&#8243; _module_preset=&#8221;default&#8221; global_colors_info=&#8221;{}&#8221;][\/et_pb_menu][\/et_pb_column][\/et_pb_row][\/et_pb_section][et_pb_section fb_built=&#8221;1&#8243; admin_label=&#8221;Footer&#8221; _builder_version=&#8221;4.27.5&#8243; _module_preset=&#8221;default&#8221; background_color=&#8221;#000000&#8243; custom_padding=&#8221;79px||79px||false|false&#8221; global_module=&#8221;555&#8243; saved_tabs=&#8221;all&#8221; collapsed=&#8221;on&#8221; global_colors_info=&#8221;{}&#8221;][et_pb_row column_structure=&#8221;1_5,1_5,1_5,1_5,1_5&#8243; _builder_version=&#8221;4.24.3&#8243; _module_preset=&#8221;default&#8221; max_width=&#8221;none&#8221; global_colors_info=&#8221;{}&#8221;][et_pb_column type=&#8221;1_5&#8243; _builder_version=&#8221;4.24.3&#8243; _module_preset=&#8221;default&#8221; global_colors_info=&#8221;{}&#8221;][et_pb_image src=&#8221;https:\/\/gauruss.com.br\/wp-content\/uploads\/2025\/12\/log-03.png&#8221; title_text=&#8221;log 03&#8243; align=&#8221;center&#8221; _builder_version=&#8221;4.27.5&#8243; _module_preset=&#8221;default&#8221; custom_margin=&#8221;-16px|||||&#8221; global_colors_info=&#8221;{}&#8221;][\/et_pb_image][\/et_pb_column][et_pb_column type=&#8221;1_5&#8243; _builder_version=&#8221;4.24.3&#8243; _module_preset=&#8221;default&#8221; global_colors_info=&#8221;{}&#8221;][et_pb_text _builder_version=&#8221;4.27.5&#8243; _module_preset=&#8221;4d098121-dd5e-4be2-93cf-71605525db6f&#8221; text_font=&#8221;Encode Sans Condensed|500|||||||&#8221; text_font_size=&#8221;20px&#8221; link_text_color=&#8221;#FFFFFF&#8221; background_layout=&#8221;dark&#8221; custom_margin=&#8221;-22px||-11px||false|false&#8221; custom_padding=&#8221;||23px||false|false&#8221; global_colors_info=&#8221;{}&#8221;]<\/p>\n<p>CONTATOS<\/p>\n<p>[\/et_pb_text][et_pb_divider color=&#8221;#383838&#8243; divider_weight=&#8221;4px&#8221; _builder_version=&#8221;4.27.5&#8243; _module_preset=&#8221;default&#8221; width=&#8221;17%&#8221; module_alignment=&#8221;left&#8221; custom_margin=&#8221;-22px||-3px||false|false&#8221; global_colors_info=&#8221;{}&#8221;][\/et_pb_divider][et_pb_blurb title=&#8221;+55 46 3540 1040&#8243; use_icon=&#8221;on&#8221; font_icon=&#8221;&#xf87b;||fa||900&#8243; icon_placement=&#8221;left&#8221; image_icon_width=&#8221;23px&#8221; _builder_version=&#8221;4.27.5&#8243; _module_preset=&#8221;default&#8221; header_level=&#8221;h1&#8243; header_font=&#8221;Encode Sans Condensed||||||||&#8221; header_text_align=&#8221;left&#8221; header_text_color=&#8221;#dbb251&#8243; header_font_size=&#8221;18px&#8221; image_icon_custom_padding=&#8221;|0px||17px|false|false&#8221; custom_margin=&#8221;||1px||false|false&#8221; custom_padding=&#8221;||0px||false|false&#8221; global_colors_info=&#8221;{}&#8221;][\/et_pb_blurb][et_pb_blurb title=&#8221;comercial@gauruss.com.br&#8221; use_icon=&#8221;on&#8221; font_icon=&#8221;&#xf0e0;||fa||900&#8243; icon_placement=&#8221;left&#8221; image_icon_width=&#8221;21px&#8221; _builder_version=&#8221;4.27.5&#8243; _module_preset=&#8221;default&#8221; header_level=&#8221;h1&#8243; header_font=&#8221;Encode Sans Condensed||||||||&#8221; header_text_align=&#8221;left&#8221; header_text_color=&#8221;#dbb251&#8243; header_font_size=&#8221;18px&#8221; image_icon_custom_padding=&#8221;|0px||17px|false|false&#8221; custom_margin=&#8221;||1px||false|false&#8221; custom_padding=&#8221;||0px||false|false&#8221; global_colors_info=&#8221;{}&#8221;][\/et_pb_blurb][\/et_pb_column][et_pb_column type=&#8221;1_5&#8243; _builder_version=&#8221;4.24.3&#8243; _module_preset=&#8221;default&#8221; global_colors_info=&#8221;{}&#8221;][et_pb_text _builder_version=&#8221;4.27.5&#8243; _module_preset=&#8221;4d098121-dd5e-4be2-93cf-71605525db6f&#8221; text_font=&#8221;Encode Sans Condensed|500|||||||&#8221; text_font_size=&#8221;20px&#8221; link_text_color=&#8221;#FFFFFF&#8221; background_layout=&#8221;dark&#8221; custom_margin=&#8221;-22px||-11px||false|false&#8221; custom_padding=&#8221;||23px||false|false&#8221; global_colors_info=&#8221;{}&#8221;]<\/p>\n<p>REDES SOCIAIS<\/p>\n<p>[\/et_pb_text][et_pb_divider color=&#8221;#383838&#8243; divider_weight=&#8221;4px&#8221; _builder_version=&#8221;4.27.5&#8243; _module_preset=&#8221;default&#8221; width=&#8221;17%&#8221; module_alignment=&#8221;left&#8221; custom_margin=&#8221;-22px||-3px||false|false&#8221; global_colors_info=&#8221;{}&#8221;][\/et_pb_divider][et_pb_social_media_follow icon_color=&#8221;#000000&#8243; _builder_version=&#8221;4.27.5&#8243; _module_preset=&#8221;default&#8221; global_colors_info=&#8221;{}&#8221;][et_pb_social_media_follow_network social_network=&#8221;instagram&#8221; url=&#8221;https:\/\/www.instagram.com\/gaurussequipamentos\/&#8221; icon_color=&#8221;#000000&#8243; use_icon_font_size=&#8221;on&#8221; icon_font_size=&#8221;15px&#8221; _builder_version=&#8221;4.27.5&#8243; _module_preset=&#8221;default&#8221; background_color=&#8221;#dbb251&#8243; background_enable_color=&#8221;on&#8221; global_colors_info=&#8221;{}&#8221; follow_button=&#8221;off&#8221; url_new_window=&#8221;on&#8221;]instagram[\/et_pb_social_media_follow_network][et_pb_social_media_follow_network social_network=&#8221;facebook&#8221; url=&#8221;https:\/\/www.facebook.com\/gauruss&#8221; icon_color=&#8221;#000000&#8243; use_icon_font_size=&#8221;on&#8221; icon_font_size=&#8221;15px&#8221; _builder_version=&#8221;4.27.5&#8243; _module_preset=&#8221;default&#8221; background_color=&#8221;#dbb251&#8243; background_enable_color=&#8221;on&#8221; global_colors_info=&#8221;{}&#8221; follow_button=&#8221;off&#8221; url_new_window=&#8221;on&#8221;]facebook[\/et_pb_social_media_follow_network][et_pb_social_media_follow_network social_network=&#8221;youtube&#8221; url=&#8221;https:\/\/www.youtube.com\/@GaurussAgricultureOficial&#8221; use_icon_font_size=&#8221;on&#8221; icon_font_size=&#8221;15px&#8221; _builder_version=&#8221;4.27.5&#8243; _module_preset=&#8221;default&#8221; background_color=&#8221;#dbb251&#8243; background_enable_color=&#8221;on&#8221; global_colors_info=&#8221;{}&#8221; follow_button=&#8221;off&#8221; url_new_window=&#8221;on&#8221;]youtube[\/et_pb_social_media_follow_network][et_pb_social_media_follow_network social_network=&#8221;tiktok&#8221; url=&#8221;http:\/\/tiktok.com\/@gaurussagriculture&#8221; icon_color=&#8221;#000000&#8243; use_icon_font_size=&#8221;on&#8221; icon_font_size=&#8221;15px&#8221; _builder_version=&#8221;4.27.5&#8243; _module_preset=&#8221;default&#8221; background_color=&#8221;#dbb251&#8243; background_enable_color=&#8221;on&#8221; global_colors_info=&#8221;{}&#8221; follow_button=&#8221;off&#8221; url_new_window=&#8221;on&#8221;]tiktok[\/et_pb_social_media_follow_network][\/et_pb_social_media_follow][\/et_pb_column][et_pb_column type=&#8221;1_5&#8243; _builder_version=&#8221;4.24.3&#8243; _module_preset=&#8221;default&#8221; global_colors_info=&#8221;{}&#8221;][et_pb_text _builder_version=&#8221;4.27.5&#8243; _module_preset=&#8221;4d098121-dd5e-4be2-93cf-71605525db6f&#8221; text_font=&#8221;Encode Sans Condensed|500|||||||&#8221; text_font_size=&#8221;20px&#8221; link_text_color=&#8221;#FFFFFF&#8221; background_layout=&#8221;dark&#8221; custom_margin=&#8221;-22px||-11px||false|false&#8221; custom_padding=&#8221;||23px||false|false&#8221; global_colors_info=&#8221;{}&#8221;]<\/p>\n<p>UNIDADE 1<\/p>\n<p>[\/et_pb_text][et_pb_divider color=&#8221;#383838&#8243; divider_weight=&#8221;4px&#8221; _builder_version=&#8221;4.27.5&#8243; _module_preset=&#8221;default&#8221; width=&#8221;17%&#8221; module_alignment=&#8221;left&#8221; custom_margin=&#8221;-22px||-3px||false|false&#8221; global_colors_info=&#8221;{}&#8221;][\/et_pb_divider][et_pb_blurb use_icon=&#8221;on&#8221; font_icon=&#8221;&#xf3c5;||fa||900&#8243; icon_placement=&#8221;left&#8221; image_icon_width=&#8221;23px&#8221; _builder_version=&#8221;4.27.5&#8243; _module_preset=&#8221;default&#8221; header_level=&#8221;h1&#8243; header_font=&#8221;Encode Sans Condensed||||||||&#8221; header_text_align=&#8221;left&#8221; header_text_color=&#8221;#dbb251&#8243; header_font_size=&#8221;18px&#8221; body_font=&#8221;Encode Sans Condensed||||||||&#8221; body_text_color=&#8221;#dbb251&#8243; body_font_size=&#8221;18px&#8221; image_icon_custom_padding=&#8221;|0px||17px|false|false&#8221; custom_margin=&#8221;||1px||false|false&#8221; custom_padding=&#8221;||0px||false|false&#8221; global_colors_info=&#8221;{}&#8221;]<\/p>\n<p>Rua Tocantins, 462<br \/>Industrial<br \/>CEP 85730-000<br \/>Pranchita-PR<\/p>\n<p>[\/et_pb_blurb][\/et_pb_column][et_pb_column type=&#8221;1_5&#8243; _builder_version=&#8221;4.24.3&#8243; _module_preset=&#8221;default&#8221; global_colors_info=&#8221;{}&#8221;][et_pb_text _builder_version=&#8221;4.27.5&#8243; _module_preset=&#8221;4d098121-dd5e-4be2-93cf-71605525db6f&#8221; text_font=&#8221;Encode Sans Condensed|500|||||||&#8221; text_font_size=&#8221;20px&#8221; link_text_color=&#8221;#FFFFFF&#8221; background_layout=&#8221;dark&#8221; custom_margin=&#8221;-22px||-11px||false|false&#8221; custom_padding=&#8221;||23px||false|false&#8221; global_colors_info=&#8221;{}&#8221;]<\/p>\n<p>UNIDADE 2<\/p>\n<p>[\/et_pb_text][et_pb_divider color=&#8221;#383838&#8243; divider_weight=&#8221;4px&#8221; _builder_version=&#8221;4.27.5&#8243; _module_preset=&#8221;default&#8221; width=&#8221;17%&#8221; module_alignment=&#8221;left&#8221; custom_margin=&#8221;-22px||-3px||false|false&#8221; global_colors_info=&#8221;{}&#8221;][\/et_pb_divider][et_pb_blurb use_icon=&#8221;on&#8221; font_icon=&#8221;&#xf3c5;||fa||900&#8243; icon_placement=&#8221;left&#8221; image_icon_width=&#8221;23px&#8221; _builder_version=&#8221;4.27.5&#8243; _module_preset=&#8221;default&#8221; header_level=&#8221;h1&#8243; header_font=&#8221;Encode Sans Condensed||||||||&#8221; header_text_align=&#8221;left&#8221; header_text_color=&#8221;#dbb251&#8243; header_font_size=&#8221;18px&#8221; body_font=&#8221;Encode Sans Condensed||||||||&#8221; body_text_color=&#8221;#dbb251&#8243; body_font_size=&#8221;18px&#8221; image_icon_custom_padding=&#8221;|0px||17px|false|false&#8221; custom_margin=&#8221;||1px||false|false&#8221; custom_padding=&#8221;||0px||false|false&#8221; global_colors_info=&#8221;{}&#8221;]<\/p>\n<p>BR 163, Km 40<br \/>Acesso ao trevo<br \/>CEP 85730-000<br \/>Pranchita-PR<\/p>\n<p>[\/et_pb_blurb][\/et_pb_column][\/et_pb_row][\/et_pb_section][et_pb_section fb_built=&#8221;1&#8243; _builder_version=&#8221;4.27.5&#8243; _module_preset=&#8221;default&#8221; background_color=&#8221;gcid-body-color&#8221; custom_padding=&#8221;23px||0px|||&#8221; global_module=&#8221;611&#8243; global_colors_info=&#8221;{%22gcid-body-color%22:%91%22background_color%22%93}&#8221;][et_pb_row _builder_version=&#8221;4.27.5&#8243; _module_preset=&#8221;default&#8221; custom_margin=&#8221;13px|auto||auto||&#8221; custom_padding=&#8221;0px||0px|||&#8221; global_colors_info=&#8221;{}&#8221;][et_pb_column type=&#8221;4_4&#8243; _builder_version=&#8221;4.27.5&#8243; _module_preset=&#8221;default&#8221; global_colors_info=&#8221;{}&#8221;][et_pb_text _builder_version=&#8221;4.27.5&#8243; _module_preset=&#8221;default&#8221; text_text_color=&#8221;gcid-714b9843-c3e2-4fdc-916a-785e28b7a70d&#8221; text_orientation=&#8221;center&#8221; custom_padding=&#8221;||27px|||&#8221; global_colors_info=&#8221;{%22gcid-714b9843-c3e2-4fdc-916a-785e28b7a70d%22:%91%22text_text_color%22%93}&#8221;]<\/p>\n<p><a href=\"https:\/\/gauruss.com.br\/?page_id=35&amp;et_fb=1&amp;PageSpeed=off\">HOME<\/a>\u00a0 |\u00a0 <a href=\"https:\/\/gauruss.com.br\/?page_id=397&amp;et_fb=1&amp;PageSpeed=off\">PRODUTOS<\/a>\u00a0 |\u00a0 <a href=\"https:\/\/gauruss.com.br\/?page_id=35&amp;et_fb=1&amp;PageSpeed=off\">QUEM SOMOS<\/a>\u00a0 |\u00a0 <a href=\"https:\/\/gauruss.com.br\/?page_id=35&amp;et_fb=1&amp;PageSpeed=off\">CONTATO<\/a><\/p>\n<p>[\/et_pb_text][\/et_pb_column][\/et_pb_row][et_pb_row column_structure=&#8221;1_4,1_2,1_4&#8243; _builder_version=&#8221;4.27.5&#8243; _module_preset=&#8221;default&#8221; custom_padding=&#8221;0px||1px|||&#8221; global_colors_info=&#8221;{}&#8221;][et_pb_column type=&#8221;1_4&#8243; _builder_version=&#8221;4.27.5&#8243; _module_preset=&#8221;default&#8221; global_colors_info=&#8221;{}&#8221;][\/et_pb_column][et_pb_column type=&#8221;1_2&#8243; _builder_version=&#8221;4.27.5&#8243; _module_preset=&#8221;default&#8221; global_colors_info=&#8221;{}&#8221;][et_pb_text _builder_version=&#8221;4.27.5&#8243; _module_preset=&#8221;default&#8221; text_text_color=&#8221;#FFFFFF&#8221; text_orientation=&#8221;center&#8221; global_colors_info=&#8221;{}&#8221;]<\/p>\n<p>Gauruss Agriculture \u00a9 2026<\/p>\n<p>[\/et_pb_text][\/et_pb_column][et_pb_column type=&#8221;1_4&#8243; _builder_version=&#8221;4.27.5&#8243; _module_preset=&#8221;default&#8221; global_colors_info=&#8221;{}&#8221;][et_pb_text _builder_version=&#8221;4.27.5&#8243; _module_preset=&#8221;default&#8221; text_text_color=&#8221;#7c7c7c&#8221; text_orientation=&#8221;right&#8221; link_option_url=&#8221;https:\/\/ottimidia.com.br\/&#8221; link_option_url_new_window=&#8221;on&#8221; text_orientation_tablet=&#8221;center&#8221; text_orientation_phone=&#8221;center&#8221; text_orientation_last_edited=&#8221;on|tablet&#8221; global_colors_info=&#8221;{}&#8221;]<\/p>\n<p>Desenvolvido por Otti M\u00eddia<\/p>\n<p>[\/et_pb_text][\/et_pb_column][\/et_pb_row][\/et_pb_section]<\/p>\n","protected":false},"excerpt":{"rendered":"<p>Vers\u00e3o: Alfa &nbsp; Barras: 18, 19, 20 e 21 metros vertical 21 metros abertura lateral e ponta de alum\u00ednio 24 e 25 metros, 3 dobras de ferro 24 e 27 metros abertura lateral, 2\u00aa dobra alum\u00ednio Altura de trabalho: 0,45 a 1,90m Reservat\u00f3rio \u00e1gua limpa: 200 litros Bomba JP 150 Rota\u00e7\u00e3o m\u00e1xima da bomba: 540rpm [&hellip;]<\/p>\n","protected":false},"author":3,"featured_media":0,"parent":0,"menu_order":0,"comment_status":"closed","ping_status":"closed","template":"","meta":{"_et_pb_use_builder":"on","_et_pb_old_content":"","_et_gb_content_width":"","_monsterinsights_skip_tracking":false,"_monsterinsights_sitenote_active":false,"_monsterinsights_sitenote_note":"","_monsterinsights_sitenote_category":0,"footnotes":""},"folder":[9],"class_list":["post-743","page","type-page","status-publish","hentry"],"aioseo_notices":[],"_links":{"self":[{"href":"https:\/\/gauruss.com.br\/index.php?rest_route=\/wp\/v2\/pages\/743","targetHints":{"allow":["GET"]}}],"collection":[{"href":"https:\/\/gauruss.com.br\/index.php?rest_route=\/wp\/v2\/pages"}],"about":[{"href":"https:\/\/gauruss.com.br\/index.php?rest_route=\/wp\/v2\/types\/page"}],"author":[{"embeddable":true,"href":"https:\/\/gauruss.com.br\/index.php?rest_route=\/wp\/v2\/users\/3"}],"replies":[{"embeddable":true,"href":"https:\/\/gauruss.com.br\/index.php?rest_route=%2Fwp%2Fv2%2Fcomments&post=743"}],"version-history":[{"count":2,"href":"https:\/\/gauruss.com.br\/index.php?rest_route=\/wp\/v2\/pages\/743\/revisions"}],"predecessor-version":[{"id":745,"href":"https:\/\/gauruss.com.br\/index.php?rest_route=\/wp\/v2\/pages\/743\/revisions\/745"}],"wp:attachment":[{"href":"https:\/\/gauruss.com.br\/index.php?rest_route=%2Fwp%2Fv2%2Fmedia&parent=743"}],"wp:term":[{"taxonomy":"folder","embeddable":true,"href":"https:\/\/gauruss.com.br\/index.php?rest_route=%2Fwp%2Fv2%2Ffolder&post=743"}],"curies":[{"name":"wp","href":"https:\/\/api.w.org\/{rel}","templated":true}]}}