{"id":520,"date":"2026-02-04T20:35:50","date_gmt":"2026-02-04T20:35:50","guid":{"rendered":"https:\/\/gauruss.com.br\/?page_id=520"},"modified":"2026-02-21T14:48:02","modified_gmt":"2026-02-21T14:48:02","slug":"quem-somos","status":"publish","type":"page","link":"https:\/\/gauruss.com.br\/?page_id=520","title":{"rendered":"QUEM SOMOS"},"content":{"rendered":"<p>[et_pb_section fb_built=&#8221;1&#8243; admin_label=&#8221;Header &#038; Blog&#8221; _builder_version=&#8221;4.27.5&#8243; _module_preset=&#8221;default&#8221; background_color=&#8221;gcid-714b9843-c3e2-4fdc-916a-785e28b7a70d&#8221; use_background_color_gradient=&#8221;on&#8221; background_color_gradient_stops=&#8221;rgba(219,178,81,0.99) 0%|rgba(0,0,0,0.65) 100%&#8221; background_color_gradient_overlays_image=&#8221;on&#8221; background_image=&#8221;https:\/\/gauruss.com.br\/wp-content\/uploads\/2026\/01\/quem-somos-02.jpg&#8221; custom_padding=&#8221;7px||19px|||&#8221; locked=&#8221;off&#8221; collapsed=&#8221;on&#8221; global_colors_info=&#8221;{%22gcid-714b9843-c3e2-4fdc-916a-785e28b7a70d%22:%91%22background_color%22%93}&#8221;][et_pb_row _builder_version=&#8221;4.27.5&#8243; _module_preset=&#8221;default&#8221; max_width=&#8221;none&#8221; custom_padding=&#8221;||0px|||&#8221; global_colors_info=&#8221;{}&#8221;][et_pb_column type=&#8221;4_4&#8243; _builder_version=&#8221;4.27.5&#8243; _module_preset=&#8221;default&#8221; global_colors_info=&#8221;{}&#8221;][et_pb_heading title=&#8221;QUEM SOMOS&#8221; _builder_version=&#8221;4.27.5&#8243; _module_preset=&#8221;46aad365-da10-45fa-a473-e31191aa558b&#8221; title_text_color=&#8221;#FFFFFF&#8221; title_font_size=&#8221;2vw&#8221; custom_padding=&#8221;||12px|||&#8221; locked=&#8221;off&#8221; global_colors_info=&#8221;{%22gcid-3e93bdc5-146d-448e-a761-9f1b4dd51113%22:%91%22link_text_color%22,%22quote_border_color%22,%22link_text_color%22,%22quote_border_color%22%93,%22gcid-c7d8f091-13fc-48ff-a161-01fd58ed72d5%22:%91%22quote_text_color%22,%22quote_text_color%22,%22quote_text_color%22,%22quote_text_color%22%93}&#8221;][\/et_pb_heading][\/et_pb_column][\/et_pb_row][\/et_pb_section][et_pb_section fb_built=&#8221;1&#8243; admin_label=&#8221;About&#8221; _builder_version=&#8221;4.27.5&#8243; _module_preset=&#8221;default&#8221; background_color=&#8221;rgba(219,178,81,0.17)&#8221; custom_padding=&#8221;58px||98px||false|false&#8221; locked=&#8221;off&#8221; collapsed=&#8221;on&#8221; global_colors_info=&#8221;{}&#8221;][et_pb_row _builder_version=&#8221;4.24.3&#8243; _module_preset=&#8221;default&#8221; max_width=&#8221;none&#8221; custom_padding=&#8221;2px||0px|||&#8221; global_colors_info=&#8221;{}&#8221;][et_pb_column type=&#8221;4_4&#8243; _builder_version=&#8221;4.24.3&#8243; _module_preset=&#8221;default&#8221; global_colors_info=&#8221;{}&#8221;][et_pb_text _builder_version=&#8221;4.27.5&#8243; _module_preset=&#8221;default&#8221; text_font=&#8221;Encode Sans Condensed||||||||&#8221; text_text_color=&#8221;gcid-body-color&#8221; text_font_size=&#8221;45px&#8221; text_line_height=&#8221;45px&#8221; custom_margin=&#8221;||37px|||&#8221; text_font_size_tablet=&#8221;28px&#8221; text_font_size_phone=&#8221;24px&#8221; text_font_size_last_edited=&#8221;on|phone&#8221; text_line_height_tablet=&#8221;45px&#8221; text_line_height_phone=&#8221;30px&#8221; text_line_height_last_edited=&#8221;on|phone&#8221; global_colors_info=&#8221;{%22gcid-body-color%22:%91%22text_text_color%22%93}&#8221;]<\/p>\n<p><strong>Uma hist\u00f3ria de vis\u00e3o, trabalho e crescimento.<\/strong><\/p>\n<p>[\/et_pb_text][\/et_pb_column][\/et_pb_row][et_pb_row column_structure=&#8221;1_2,1_2&#8243; _builder_version=&#8221;4.27.5&#8243; _module_preset=&#8221;default&#8221; max_width=&#8221;none&#8221; custom_padding=&#8221;4px||74px||false|false&#8221; hover_enabled=&#8221;0&#8243; global_colors_info=&#8221;{}&#8221; custom_padding_last_edited=&#8221;on|phone&#8221; sticky_enabled=&#8221;0&#8243; custom_padding_tablet=&#8221;4px||74px||false|false&#8221; custom_padding_phone=&#8221;4px||74px||false|false&#8221;][et_pb_column type=&#8221;1_2&#8243; _builder_version=&#8221;4.24.3&#8243; _module_preset=&#8221;default&#8221; global_colors_info=&#8221;{}&#8221;][et_pb_slider _builder_version=&#8221;4.27.5&#8243; _module_preset=&#8221;default&#8221; min_height_tablet=&#8221;&#8221; min_height_phone=&#8221;200px&#8221; min_height_last_edited=&#8221;on|phone&#8221; height=&#8221;481px&#8221; height_tablet=&#8221;481px&#8221; height_phone=&#8221;212px&#8221; height_last_edited=&#8221;on|phone&#8221; max_height_tablet=&#8221;&#8221; max_height_phone=&#8221;&#8221; max_height_last_edited=&#8221;on|phone&#8221; border_radii=&#8221;off|30px||30px|&#8221; global_colors_info=&#8221;{}&#8221;][et_pb_slide _builder_version=&#8221;4.27.4&#8243; _module_preset=&#8221;default&#8221; background_enable_color=&#8221;on&#8221; background_image=&#8221;https:\/\/gauruss.com.br\/wp-content\/uploads\/2026\/01\/quem-somos-02.jpg&#8221; background_enable_image=&#8221;on&#8221; global_colors_info=&#8221;{}&#8221; sticky_transition=&#8221;on&#8221;][\/et_pb_slide][et_pb_slide _builder_version=&#8221;4.27.4&#8243; _module_preset=&#8221;default&#8221; background_enable_color=&#8221;on&#8221; background_image=&#8221;https:\/\/gauruss.com.br\/wp-content\/uploads\/2026\/01\/quem-somos-01.jpg&#8221; background_enable_image=&#8221;on&#8221; global_colors_info=&#8221;{}&#8221; sticky_transition=&#8221;on&#8221;][\/et_pb_slide][\/et_pb_slider][\/et_pb_column][et_pb_column type=&#8221;1_2&#8243; _builder_version=&#8221;4.27.5&#8243; _module_preset=&#8221;default&#8221; hover_enabled=&#8221;0&#8243; global_colors_info=&#8221;{}&#8221; sticky_enabled=&#8221;0&#8243;][et_pb_text _builder_version=&#8221;4.27.5&#8243; _module_preset=&#8221;default&#8221; custom_margin=&#8221;|||-39px||&#8221; hover_enabled=&#8221;0&#8243; global_colors_info=&#8221;{}&#8221; custom_margin_last_edited=&#8221;on|phone&#8221; custom_margin_phone=&#8221;|||0px|false|false&#8221; sticky_enabled=&#8221;0&#8243; custom_margin_tablet=&#8221;|||-39px||&#8221;]<\/p>\n<p>Fundada em 2008, na cidade de Pranchita, no sudoeste do Paran\u00e1, nossa empresa nasceu do esp\u00edrito empreendedor de Vanderlei Francisco Peruffo. Com apenas cinco colaboradores e um espa\u00e7o de 200 m\u00b2, iniciamos nossa trajet\u00f3ria com humildade, foco e a vontade de fazer diferente.<\/p>\n<p>Ao longo dos anos, crescemos com solidez, sempre guiados pela inova\u00e7\u00e3o, qualidade e comprometimento com nossos clientes. Investimos fortemente em tecnologia e em uma equipe altamente capacitada, acompanhando as tend\u00eancias do setor e buscando constantemente as melhores solu\u00e7\u00f5es.<\/p>\n<p>Hoje, somos refer\u00eancia no mercado, com duas unidades fabris, estrutura moderna e um time que compartilha o mesmo prop\u00f3sito: entregar excel\u00eancia em cada detalhe.<\/p>\n<p><strong>NOSSO COMPROMISSO:<\/strong><br \/>\u2022 Inova\u00e7\u00e3o cont\u00ednua em processos e produtos.<br \/>\u2022 Relacionamento transparente e duradouro com clientes e parceiros.<br \/>\u2022 Crescimento sustent\u00e1vel e respons\u00e1vel.<br \/>\u2022 Paix\u00e3o por transformar ideias em solu\u00e7\u00f5es reais.<\/p>\n<p>Mais do que uma empresa, somos uma hist\u00f3ria constru\u00edda com garra, vis\u00e3o e confian\u00e7a \u2014 e ela continua, com novos cap\u00edtulos sendo escritos a cada dia.<\/p>\n<p>For\u00e7a no campo, tecnologia que entrega, resultado que marca.<br \/><strong>SOMOS A GARRA DO AGRO, SOMOS GAURUSS.<\/strong><\/p>\n<p>[\/et_pb_text][\/et_pb_column][\/et_pb_row][et_pb_row column_structure=&#8221;1_3,1_3,1_3&#8243; _builder_version=&#8221;4.27.5&#8243; _module_preset=&#8221;default&#8221; max_width=&#8221;none&#8221; custom_padding=&#8221;4px||2px||false|false&#8221; global_colors_info=&#8221;{}&#8221;][et_pb_column type=&#8221;1_3&#8243; _builder_version=&#8221;4.24.3&#8243; _module_preset=&#8221;default&#8221; global_colors_info=&#8221;{}&#8221;][et_pb_blurb title=&#8221;MISS\u00c3O&#8221; use_icon=&#8221;on&#8221; font_icon=&#8221;&#xf140;||fa||900&#8243; icon_color=&#8221;#dbc490&#8243; image_icon_width=&#8221;80px&#8221; _builder_version=&#8221;4.27.5&#8243; _module_preset=&#8221;default&#8221; header_level=&#8221;h2&#8243; header_font=&#8221;Encode Sans Condensed|800|||||||&#8221; header_text_color=&#8221;gcid-3e93bdc5-146d-448e-a761-9f1b4dd51113&#8243; header_font_size=&#8221;31px&#8221; body_font=&#8221;Encode Sans Condensed||||||||&#8221; body_text_color=&#8221;#000000&#8243; body_font_size=&#8221;18px&#8221; body_line_height=&#8221;1.8em&#8221; background_color=&#8221;rgba(219,178,81,0.13)&#8221; text_orientation=&#8221;center&#8221; custom_padding=&#8221;25px|24px|25px|24px|false|false&#8221; border_radii=&#8221;on|28px|28px|28px|28px&#8221; border_width_top=&#8221;8px&#8221; border_color_top=&#8221;#f5e7c9&#8243; border_width_bottom=&#8221;8px&#8221; border_color_bottom=&#8221;#f0ddb2&#8243; global_colors_info=&#8221;{%22gcid-3e93bdc5-146d-448e-a761-9f1b4dd51113%22:%91%22header_text_color%22%93}&#8221; border_color_top__hover_enabled=&#8221;off|desktop&#8221;]<\/p>\n<p>Atender e superar as expectativas dos nossos clientes, oferecendo produtos e servi\u00e7os com seguran\u00e7a, qualidade e excel\u00eancia.<\/p>\n<p>[\/et_pb_blurb][\/et_pb_column][et_pb_column type=&#8221;1_3&#8243; _builder_version=&#8221;4.27.4&#8243; _module_preset=&#8221;default&#8221; global_colors_info=&#8221;{}&#8221;][et_pb_blurb title=&#8221;VIS\u00c3O&#8221; use_icon=&#8221;on&#8221; font_icon=&#8221;&#xf06e;||fa||400&#8243; icon_color=&#8221;#dbc490&#8243; image_icon_width=&#8221;80px&#8221; _builder_version=&#8221;4.27.5&#8243; _module_preset=&#8221;default&#8221; header_level=&#8221;h2&#8243; header_font=&#8221;Encode Sans Condensed|800|||||||&#8221; header_text_color=&#8221;gcid-3e93bdc5-146d-448e-a761-9f1b4dd51113&#8243; header_font_size=&#8221;31px&#8221; body_font=&#8221;Encode Sans Condensed||||||||&#8221; body_text_color=&#8221;#000000&#8243; body_font_size=&#8221;18px&#8221; body_line_height=&#8221;1.8em&#8221; background_color=&#8221;rgba(219,178,81,0.13)&#8221; text_orientation=&#8221;center&#8221; custom_padding=&#8221;25px|24px|25px|24px|false|false&#8221; border_radii=&#8221;on|28px|28px|28px|28px&#8221; border_width_top=&#8221;8px&#8221; border_color_top=&#8221;#f5e7c9&#8243; border_width_bottom=&#8221;8px&#8221; border_color_bottom=&#8221;#f0ddb2&#8243; global_colors_info=&#8221;{%22gcid-3e93bdc5-146d-448e-a761-9f1b4dd51113%22:%91%22header_text_color%22%93}&#8221;]<\/p>\n<p>Crescer de forma sustent\u00e1vel e estrat\u00e9gica, investindo em pesquisa, inova\u00e7\u00e3o e desenvolvimento de solu\u00e7\u00f5es que entregam resultados superiores ao produtor rural.<\/p>\n<p>[\/et_pb_blurb][\/et_pb_column][et_pb_column type=&#8221;1_3&#8243; _builder_version=&#8221;4.27.4&#8243; _module_preset=&#8221;default&#8221; global_colors_info=&#8221;{}&#8221;][et_pb_blurb title=&#8221;VALORES&#8221; use_icon=&#8221;on&#8221; font_icon=&#8221;&#xf4c2;||fa||900&#8243; icon_color=&#8221;#dbc490&#8243; image_icon_width=&#8221;80px&#8221; _builder_version=&#8221;4.27.5&#8243; _module_preset=&#8221;default&#8221; header_level=&#8221;h2&#8243; header_font=&#8221;Encode Sans Condensed|800|||||||&#8221; header_text_color=&#8221;gcid-3e93bdc5-146d-448e-a761-9f1b4dd51113&#8243; header_font_size=&#8221;31px&#8221; body_font=&#8221;Encode Sans Condensed||||||||&#8221; body_text_color=&#8221;#000000&#8243; body_font_size=&#8221;18px&#8221; body_line_height=&#8221;1.8em&#8221; background_color=&#8221;rgba(219,178,81,0.13)&#8221; text_orientation=&#8221;center&#8221; custom_padding=&#8221;25px|24px|25px|24px|false|false&#8221; border_radii=&#8221;on|28px|28px|28px|28px&#8221; border_width_top=&#8221;8px&#8221; border_color_top=&#8221;#f5e7c9&#8243; border_width_bottom=&#8221;8px&#8221; border_color_bottom=&#8221;#f0ddb2&#8243; global_colors_info=&#8221;{%22gcid-3e93bdc5-146d-448e-a761-9f1b4dd51113%22:%91%22header_text_color%22%93}&#8221;]<\/p>\n<p>Profissionalismo, honestidade, seriedade e um forte comprometimento com nossos colaboradores, clientes e com o sucesso no campo.<\/p>\n<p>[\/et_pb_blurb][\/et_pb_column][\/et_pb_row][\/et_pb_section][et_pb_section fb_built=&#8221;1&#8243; admin_label=&#8221;Footer&#8221; _builder_version=&#8221;4.27.5&#8243; _module_preset=&#8221;default&#8221; background_color=&#8221;#000000&#8243; custom_padding=&#8221;79px||20px||false|false&#8221; global_module=&#8221;555&#8243; saved_tabs=&#8221;all&#8221; collapsed=&#8221;off&#8221; global_colors_info=&#8221;{}&#8221;][et_pb_row column_structure=&#8221;1_5,1_5,1_5,1_5,1_5&#8243; _builder_version=&#8221;4.24.3&#8243; _module_preset=&#8221;default&#8221; max_width=&#8221;none&#8221; global_colors_info=&#8221;{}&#8221;][et_pb_column type=&#8221;1_5&#8243; _builder_version=&#8221;4.24.3&#8243; _module_preset=&#8221;default&#8221; global_colors_info=&#8221;{}&#8221;][et_pb_image src=&#8221;https:\/\/gauruss.com.br\/wp-content\/uploads\/2025\/12\/log-03.png&#8221; title_text=&#8221;log 03&#8243; align=&#8221;center&#8221; _builder_version=&#8221;4.27.5&#8243; _module_preset=&#8221;default&#8221; custom_margin=&#8221;-16px|||||&#8221; global_colors_info=&#8221;{}&#8221;][\/et_pb_image][\/et_pb_column][et_pb_column type=&#8221;1_5&#8243; _builder_version=&#8221;4.24.3&#8243; _module_preset=&#8221;default&#8221; global_colors_info=&#8221;{}&#8221;][et_pb_text _builder_version=&#8221;4.27.5&#8243; _module_preset=&#8221;4d098121-dd5e-4be2-93cf-71605525db6f&#8221; text_font=&#8221;Encode Sans Condensed|500|||||||&#8221; text_font_size=&#8221;20px&#8221; link_text_color=&#8221;#FFFFFF&#8221; background_layout=&#8221;dark&#8221; custom_margin=&#8221;-22px||-11px||false|false&#8221; custom_padding=&#8221;||23px||false|false&#8221; global_colors_info=&#8221;{}&#8221;]<\/p>\n<p>CONTATOS<\/p>\n<p>[\/et_pb_text][et_pb_divider color=&#8221;#383838&#8243; divider_weight=&#8221;4px&#8221; _builder_version=&#8221;4.27.5&#8243; _module_preset=&#8221;default&#8221; width=&#8221;17%&#8221; module_alignment=&#8221;left&#8221; custom_margin=&#8221;-22px||-3px||false|false&#8221; global_colors_info=&#8221;{}&#8221;][\/et_pb_divider][et_pb_blurb title=&#8221;+55 46 3540 1040&#8243; use_icon=&#8221;on&#8221; font_icon=&#8221;&#xf87b;||fa||900&#8243; icon_placement=&#8221;left&#8221; image_icon_width=&#8221;23px&#8221; _builder_version=&#8221;4.27.5&#8243; _module_preset=&#8221;default&#8221; header_level=&#8221;h1&#8243; header_font=&#8221;Encode Sans Condensed||||||||&#8221; header_text_align=&#8221;left&#8221; header_text_color=&#8221;#dbb251&#8243; header_font_size=&#8221;18px&#8221; image_icon_custom_padding=&#8221;|0px||17px|false|false&#8221; custom_margin=&#8221;||1px||false|false&#8221; custom_padding=&#8221;||0px||false|false&#8221; global_colors_info=&#8221;{}&#8221;][\/et_pb_blurb][et_pb_blurb title=&#8221;comercial1@gauruss.com.br&#8221; use_icon=&#8221;on&#8221; font_icon=&#8221;&#xf0e0;||fa||900&#8243; icon_placement=&#8221;left&#8221; image_icon_width=&#8221;21px&#8221; _builder_version=&#8221;4.27.5&#8243; _module_preset=&#8221;default&#8221; header_level=&#8221;h1&#8243; header_font=&#8221;Encode Sans Condensed||||||||&#8221; header_text_align=&#8221;left&#8221; header_text_color=&#8221;#dbb251&#8243; header_font_size=&#8221;18px&#8221; image_icon_custom_padding=&#8221;|0px||17px|false|false&#8221; custom_margin=&#8221;||1px||false|false&#8221; custom_padding=&#8221;||0px||false|false&#8221; global_colors_info=&#8221;{}&#8221;][\/et_pb_blurb][\/et_pb_column][et_pb_column type=&#8221;1_5&#8243; _builder_version=&#8221;4.24.3&#8243; _module_preset=&#8221;default&#8221; global_colors_info=&#8221;{}&#8221;][et_pb_text _builder_version=&#8221;4.27.5&#8243; _module_preset=&#8221;4d098121-dd5e-4be2-93cf-71605525db6f&#8221; text_font=&#8221;Encode Sans Condensed|500|||||||&#8221; text_font_size=&#8221;20px&#8221; link_text_color=&#8221;#FFFFFF&#8221; background_layout=&#8221;dark&#8221; custom_margin=&#8221;-22px||-11px||false|false&#8221; custom_padding=&#8221;||23px||false|false&#8221; global_colors_info=&#8221;{}&#8221;]<\/p>\n<p>REDES SOCIAIS<\/p>\n<p>[\/et_pb_text][et_pb_divider color=&#8221;#383838&#8243; divider_weight=&#8221;4px&#8221; _builder_version=&#8221;4.27.5&#8243; _module_preset=&#8221;default&#8221; width=&#8221;17%&#8221; module_alignment=&#8221;left&#8221; custom_margin=&#8221;-22px||-3px||false|false&#8221; global_colors_info=&#8221;{}&#8221;][\/et_pb_divider][et_pb_social_media_follow icon_color=&#8221;#000000&#8243; _builder_version=&#8221;4.27.5&#8243; _module_preset=&#8221;default&#8221; global_colors_info=&#8221;{}&#8221;][et_pb_social_media_follow_network social_network=&#8221;instagram&#8221; url=&#8221;https:\/\/www.instagram.com\/gaurussequipamentos\/&#8221; icon_color=&#8221;#000000&#8243; use_icon_font_size=&#8221;on&#8221; icon_font_size=&#8221;15px&#8221; _builder_version=&#8221;4.27.5&#8243; _module_preset=&#8221;default&#8221; background_color=&#8221;#dbb251&#8243; background_enable_color=&#8221;on&#8221; global_colors_info=&#8221;{}&#8221; follow_button=&#8221;off&#8221; url_new_window=&#8221;on&#8221;]instagram[\/et_pb_social_media_follow_network][et_pb_social_media_follow_network social_network=&#8221;facebook&#8221; url=&#8221;https:\/\/www.facebook.com\/gauruss&#8221; icon_color=&#8221;#000000&#8243; use_icon_font_size=&#8221;on&#8221; icon_font_size=&#8221;15px&#8221; _builder_version=&#8221;4.27.5&#8243; _module_preset=&#8221;default&#8221; background_color=&#8221;#dbb251&#8243; background_enable_color=&#8221;on&#8221; global_colors_info=&#8221;{}&#8221; follow_button=&#8221;off&#8221; url_new_window=&#8221;on&#8221;]facebook[\/et_pb_social_media_follow_network][et_pb_social_media_follow_network social_network=&#8221;youtube&#8221; url=&#8221;https:\/\/www.youtube.com\/@GaurussAgricultureOficial&#8221; use_icon_font_size=&#8221;on&#8221; icon_font_size=&#8221;15px&#8221; _builder_version=&#8221;4.27.5&#8243; _module_preset=&#8221;default&#8221; background_color=&#8221;#dbb251&#8243; background_enable_color=&#8221;on&#8221; global_colors_info=&#8221;{}&#8221; follow_button=&#8221;off&#8221; url_new_window=&#8221;on&#8221;]youtube[\/et_pb_social_media_follow_network][et_pb_social_media_follow_network social_network=&#8221;tiktok&#8221; url=&#8221;http:\/\/tiktok.com\/@gaurussagriculture&#8221; icon_color=&#8221;#000000&#8243; use_icon_font_size=&#8221;on&#8221; icon_font_size=&#8221;15px&#8221; _builder_version=&#8221;4.27.5&#8243; _module_preset=&#8221;default&#8221; background_color=&#8221;#dbb251&#8243; background_enable_color=&#8221;on&#8221; global_colors_info=&#8221;{}&#8221; follow_button=&#8221;off&#8221; url_new_window=&#8221;on&#8221;]tiktok[\/et_pb_social_media_follow_network][\/et_pb_social_media_follow][\/et_pb_column][et_pb_column type=&#8221;1_5&#8243; _builder_version=&#8221;4.24.3&#8243; _module_preset=&#8221;default&#8221; global_colors_info=&#8221;{}&#8221;][et_pb_text _builder_version=&#8221;4.27.5&#8243; _module_preset=&#8221;4d098121-dd5e-4be2-93cf-71605525db6f&#8221; text_font=&#8221;Encode Sans Condensed|500|||||||&#8221; text_font_size=&#8221;20px&#8221; link_text_color=&#8221;#FFFFFF&#8221; background_layout=&#8221;dark&#8221; custom_margin=&#8221;-22px||-11px||false|false&#8221; custom_padding=&#8221;||23px||false|false&#8221; global_colors_info=&#8221;{}&#8221;]<\/p>\n<p>UNIDADE 1<\/p>\n<p>[\/et_pb_text][et_pb_divider color=&#8221;#383838&#8243; divider_weight=&#8221;4px&#8221; _builder_version=&#8221;4.27.5&#8243; _module_preset=&#8221;default&#8221; width=&#8221;17%&#8221; module_alignment=&#8221;left&#8221; custom_margin=&#8221;-22px||-3px||false|false&#8221; global_colors_info=&#8221;{}&#8221;][\/et_pb_divider][et_pb_blurb use_icon=&#8221;on&#8221; font_icon=&#8221;&#xf3c5;||fa||900&#8243; icon_placement=&#8221;left&#8221; image_icon_width=&#8221;23px&#8221; _builder_version=&#8221;4.27.5&#8243; _module_preset=&#8221;default&#8221; header_level=&#8221;h1&#8243; header_font=&#8221;Encode Sans Condensed||||||||&#8221; header_text_align=&#8221;left&#8221; header_text_color=&#8221;#dbb251&#8243; header_font_size=&#8221;18px&#8221; body_font=&#8221;Encode Sans Condensed||||||||&#8221; body_text_color=&#8221;#dbb251&#8243; body_font_size=&#8221;18px&#8221; image_icon_custom_padding=&#8221;|0px||17px|false|false&#8221; custom_margin=&#8221;||1px||false|false&#8221; custom_padding=&#8221;||0px||false|false&#8221; global_colors_info=&#8221;{}&#8221;]<\/p>\n<p>Rua Tocantins, 462<br \/>Industrial<br \/>CEP 85730-000<br \/>Pranchita-PR<\/p>\n<p>[\/et_pb_blurb][\/et_pb_column][et_pb_column type=&#8221;1_5&#8243; _builder_version=&#8221;4.24.3&#8243; _module_preset=&#8221;default&#8221; global_colors_info=&#8221;{}&#8221;][et_pb_text _builder_version=&#8221;4.27.5&#8243; _module_preset=&#8221;4d098121-dd5e-4be2-93cf-71605525db6f&#8221; text_font=&#8221;Encode Sans Condensed|500|||||||&#8221; text_font_size=&#8221;20px&#8221; link_text_color=&#8221;#FFFFFF&#8221; background_layout=&#8221;dark&#8221; custom_margin=&#8221;-22px||-11px||false|false&#8221; custom_padding=&#8221;||23px||false|false&#8221; global_colors_info=&#8221;{}&#8221;]<\/p>\n<p>UNIDADE 2<\/p>\n<p>[\/et_pb_text][et_pb_divider color=&#8221;#383838&#8243; divider_weight=&#8221;4px&#8221; _builder_version=&#8221;4.27.5&#8243; _module_preset=&#8221;default&#8221; width=&#8221;17%&#8221; module_alignment=&#8221;left&#8221; custom_margin=&#8221;-22px||-3px||false|false&#8221; global_colors_info=&#8221;{}&#8221;][\/et_pb_divider][et_pb_blurb use_icon=&#8221;on&#8221; font_icon=&#8221;&#xf3c5;||fa||900&#8243; icon_placement=&#8221;left&#8221; image_icon_width=&#8221;23px&#8221; _builder_version=&#8221;4.27.5&#8243; _module_preset=&#8221;default&#8221; header_level=&#8221;h1&#8243; header_font=&#8221;Encode Sans Condensed||||||||&#8221; header_text_align=&#8221;left&#8221; header_text_color=&#8221;#dbb251&#8243; header_font_size=&#8221;18px&#8221; body_font=&#8221;Encode Sans Condensed||||||||&#8221; body_text_color=&#8221;#dbb251&#8243; body_font_size=&#8221;18px&#8221; image_icon_custom_padding=&#8221;|0px||17px|false|false&#8221; custom_margin=&#8221;||1px||false|false&#8221; custom_padding=&#8221;||0px||false|false&#8221; global_colors_info=&#8221;{}&#8221;]<\/p>\n<p>BR 163, Km 40<br \/>Acesso ao trevo<br \/>CEP 85730-000<br \/>Pranchita-PR<\/p>\n<p>[\/et_pb_blurb][\/et_pb_column][\/et_pb_row][\/et_pb_section][et_pb_section fb_built=&#8221;1&#8243; _builder_version=&#8221;4.27.5&#8243; _module_preset=&#8221;default&#8221; background_color=&#8221;#000000&#8243; custom_padding=&#8221;0px||0px||false|false&#8221; global_module=&#8221;611&#8243; saved_tabs=&#8221;all&#8221; global_colors_info=&#8221;{%22gcid-body-color%22:%91%22background_color%22%93}&#8221;][et_pb_row _builder_version=&#8221;4.27.5&#8243; _module_preset=&#8221;default&#8221; custom_margin=&#8221;0px|auto||auto||&#8221; custom_padding=&#8221;0px||0px|||&#8221; global_colors_info=&#8221;{}&#8221;][et_pb_column type=&#8221;4_4&#8243; _builder_version=&#8221;4.27.5&#8243; _module_preset=&#8221;default&#8221; global_colors_info=&#8221;{}&#8221;][et_pb_text _builder_version=&#8221;4.27.5&#8243; _module_preset=&#8221;default&#8221; text_text_color=&#8221;gcid-714b9843-c3e2-4fdc-916a-785e28b7a70d&#8221; text_orientation=&#8221;center&#8221; custom_padding=&#8221;||27px|||&#8221; global_colors_info=&#8221;{%22gcid-714b9843-c3e2-4fdc-916a-785e28b7a70d%22:%91%22text_text_color%22%93}&#8221;]<\/p>\n<p><a href=\"https:\/\/gauruss.com.br\/?page_id=35\">HOME<\/a>\u00a0 |\u00a0 <a href=\"https:\/\/gauruss.com.br\/?page_id=397\">PRODUTOS<\/a>\u00a0 |\u00a0 <a href=\"https:\/\/gauruss.com.br\/?page_id=520\">QUEM SOMOS<\/a>\u00a0 |\u00a0 <a href=\"https:\/\/gauruss.com.br\/?page_id=1022\">CONTATO<\/a><\/p>\n<p>[\/et_pb_text][\/et_pb_column][\/et_pb_row][et_pb_row column_structure=&#8221;1_4,1_2,1_4&#8243; _builder_version=&#8221;4.27.5&#8243; _module_preset=&#8221;default&#8221; global_colors_info=&#8221;{}&#8221;][et_pb_column type=&#8221;1_4&#8243; _builder_version=&#8221;4.27.5&#8243; _module_preset=&#8221;default&#8221; global_colors_info=&#8221;{}&#8221;][\/et_pb_column][et_pb_column type=&#8221;1_2&#8243; _builder_version=&#8221;4.27.5&#8243; _module_preset=&#8221;default&#8221; global_colors_info=&#8221;{}&#8221;][et_pb_text _builder_version=&#8221;4.27.5&#8243; _module_preset=&#8221;default&#8221; text_text_color=&#8221;#8e8e8e&#8221; text_orientation=&#8221;center&#8221; global_colors_info=&#8221;{}&#8221;]<\/p>\n<p>Gauruss Agriculture \u00a9 2026<\/p>\n<p>[\/et_pb_text][\/et_pb_column][et_pb_column type=&#8221;1_4&#8243; _builder_version=&#8221;4.27.5&#8243; _module_preset=&#8221;default&#8221; global_colors_info=&#8221;{}&#8221;][et_pb_text _builder_version=&#8221;4.27.5&#8243; _module_preset=&#8221;default&#8221; text_text_color=&#8221;#666666&#8243; text_font_size=&#8221;10px&#8221; text_orientation=&#8221;right&#8221; link_option_url=&#8221;https:\/\/ottimidia.com.br\/&#8221; link_option_url_new_window=&#8221;on&#8221; text_orientation_tablet=&#8221;center&#8221; text_orientation_phone=&#8221;center&#8221; text_orientation_last_edited=&#8221;on|tablet&#8221; global_colors_info=&#8221;{}&#8221;]<\/p>\n<p>Desenvolvido por Otti M\u00eddia<\/p>\n<p>[\/et_pb_text][\/et_pb_column][\/et_pb_row][\/et_pb_section]<\/p>\n","protected":false},"excerpt":{"rendered":"<p>Uma hist\u00f3ria de vis\u00e3o, trabalho e crescimento.Fundada em 2008, na cidade de Pranchita, no sudoeste do Paran\u00e1, nossa empresa nasceu do esp\u00edrito empreendedor de Vanderlei Francisco Peruffo. Com apenas cinco colaboradores e um espa\u00e7o de 200 m\u00b2, iniciamos nossa trajet\u00f3ria com humildade, foco e a vontade de fazer diferente. Ao longo dos anos, crescemos com [&hellip;]<\/p>\n","protected":false},"author":3,"featured_media":0,"parent":0,"menu_order":0,"comment_status":"closed","ping_status":"closed","template":"","meta":{"_et_pb_use_builder":"on","_et_pb_old_content":"<!-- wp:divi\/placeholder \/-->","_et_gb_content_width":"","_monsterinsights_skip_tracking":false,"_monsterinsights_sitenote_active":false,"_monsterinsights_sitenote_note":"","_monsterinsights_sitenote_category":0,"footnotes":""},"folder":[],"class_list":["post-520","page","type-page","status-publish","hentry"],"aioseo_notices":[],"_links":{"self":[{"href":"https:\/\/gauruss.com.br\/index.php?rest_route=\/wp\/v2\/pages\/520","targetHints":{"allow":["GET"]}}],"collection":[{"href":"https:\/\/gauruss.com.br\/index.php?rest_route=\/wp\/v2\/pages"}],"about":[{"href":"https:\/\/gauruss.com.br\/index.php?rest_route=\/wp\/v2\/types\/page"}],"author":[{"embeddable":true,"href":"https:\/\/gauruss.com.br\/index.php?rest_route=\/wp\/v2\/users\/3"}],"replies":[{"embeddable":true,"href":"https:\/\/gauruss.com.br\/index.php?rest_route=%2Fwp%2Fv2%2Fcomments&post=520"}],"version-history":[{"count":27,"href":"https:\/\/gauruss.com.br\/index.php?rest_route=\/wp\/v2\/pages\/520\/revisions"}],"predecessor-version":[{"id":1337,"href":"https:\/\/gauruss.com.br\/index.php?rest_route=\/wp\/v2\/pages\/520\/revisions\/1337"}],"wp:attachment":[{"href":"https:\/\/gauruss.com.br\/index.php?rest_route=%2Fwp%2Fv2%2Fmedia&parent=520"}],"wp:term":[{"taxonomy":"folder","embeddable":true,"href":"https:\/\/gauruss.com.br\/index.php?rest_route=%2Fwp%2Fv2%2Ffolder&post=520"}],"curies":[{"name":"wp","href":"https:\/\/api.w.org\/{rel}","templated":true}]}}